{"id":45,"date":"2026-02-28T02:31:30","date_gmt":"2026-02-28T01:31:30","guid":{"rendered":"https:\/\/restaurantfeudoux.fr\/?page_id=45"},"modified":"2026-04-01T02:36:39","modified_gmt":"2026-04-01T01:36:39","slug":"acces","status":"publish","type":"page","link":"https:\/\/restaurantfeudoux.fr\/index.php\/acces\/","title":{"rendered":"Acc\u00e8s &amp; R\u00e9servation"},"content":{"rendered":"\n<h3 class=\"wp-block-heading has-text-align-center\">\n  R\u00e9servation : <a href=\"tel:0677802651\">06&nbsp;77&nbsp;80&nbsp;26&nbsp;51<\/a>\n<\/h3>\n\n\n\n<div class=\"wp-block-group is-nowrap is-layout-flex wp-container-core-group-is-layout-995f960e wp-block-group-is-layout-flex\"><\/div>\n\n\n\n<div class=\"wp-block-columns is-layout-flex wp-container-core-columns-is-layout-995f960e wp-block-columns-is-layout-flex\">\n<div class=\"wp-block-column is-layout-flow wp-block-column-is-layout-flow\">\n<iframe src=\"https:\/\/www.google.com\/maps\/embed?pb=!1m18!1m12!1m3!1d5567.107464812718!2d4.844983212231187!3d45.76009191352652!2m3!1f0!2f0!3f0!3m2!1i1024!2i768!4f13.1!3m3!1m2!1s0x47f4ea5ef674daa7%3A0xdf01e7db99e17eb!2s180%20Rue%20de%20Cr%C3%A9qui%2C%2069003%20Lyon!5e0!3m2!1sfr!2sfr!4v1772381377415!5m2!1sfr!2sfr\" width=\"400\" height=\"300\" style=\"border:0;\" allowfullscreen=\"\" loading=\"lazy\" referrerpolicy=\"no-referrer-when-downgrade\"><\/iframe>\n<\/div>\n\n\n\n<div class=\"wp-block-column is-layout-flow wp-block-column-is-layout-flow\">\n<h5 class=\"wp-block-heading\">180, rue de Cr\u00e9qui &#8211; 69003 LYON<\/h5>\n\n\n\n<figure class=\"wp-block-image size-full\"><a href=\"https:\/\/www.google.com\/maps\/dir\/?api=1&amp;destination=180+Rue+de+Cr%C3%A9qui,+69003+Lyon\" target=\"_blank\" rel=\"noopener\"><img loading=\"lazy\" decoding=\"async\" width=\"121\" height=\"126\" src=\"https:\/\/restaurantfeudoux.fr\/wp-content\/uploads\/2026\/04\/gps.png\" alt=\"\" class=\"wp-image-265\"\/><\/a><\/figure>\n\n\n\n<p class=\"wp-block-paragraph\"><img loading=\"lazy\" decoding=\"async\" width=\"66\" height=\"32\" class=\"wp-image-112\" style=\"width: 66px;\" src=\"https:\/\/restaurantfeudoux.fr\/wp-content\/uploads\/2026\/03\/tram_t1.png\" alt=\"\"><br>Arr\u00eat Palais de Justice &#8211; Marie du 3<sup>\u00e8me <\/sup><\/p>\n\n\n\n<p class=\"wp-block-paragraph\"><img loading=\"lazy\" decoding=\"async\" width=\"69\" height=\"33\" class=\"wp-image-114\" style=\"width: 69px;\" src=\"https:\/\/restaurantfeudoux.fr\/wp-content\/uploads\/2026\/03\/metro_b.png\" alt=\"\"><br>Arr\u00eat Place Guichard &#8211; Bourse du Travail<\/p>\n\n\n\n<p class=\"wp-block-paragraph\"><img loading=\"lazy\" decoding=\"async\" width=\"48\" height=\"33\" class=\"wp-image-115\" style=\"width: 48px;\" src=\"https:\/\/restaurantfeudoux.fr\/wp-content\/uploads\/2026\/03\/lpa.png\" alt=\"\"><br>Bonnel &#8211; Servient (769 places)<br>Les Halles (491 places)<\/p>\n<\/div>\n<\/div>\n\n\n\n<p class=\"wp-block-paragraph\"><\/p>\n","protected":false},"excerpt":{"rendered":"<p>R\u00e9servation : 06&nbsp;77&nbsp;80&nbsp;26&nbsp;51 180, rue de Cr\u00e9qui &#8211; 69003 LYON Arr\u00eat Palais de Justice &#8211; Marie du 3\u00e8me Arr\u00eat Place Guichard &#8211; Bourse du Travail Bonnel &#8211; Servient (769 places)Les Halles (491 places)<\/p>\n","protected":false},"author":1,"featured_media":0,"parent":0,"menu_order":0,"comment_status":"closed","ping_status":"closed","template":"","meta":{"_crdt_document":"","footnotes":""},"class_list":["post-45","page","type-page","status-publish","hentry"],"blocksy_meta":{"has_hero_section":"disabled","styles_descriptor":{"styles":{"desktop":"","tablet":"","mobile":""},"google_fonts":[],"version":6}},"_links":{"self":[{"href":"https:\/\/restaurantfeudoux.fr\/index.php\/wp-json\/wp\/v2\/pages\/45","targetHints":{"allow":["GET"]}}],"collection":[{"href":"https:\/\/restaurantfeudoux.fr\/index.php\/wp-json\/wp\/v2\/pages"}],"about":[{"href":"https:\/\/restaurantfeudoux.fr\/index.php\/wp-json\/wp\/v2\/types\/page"}],"author":[{"embeddable":true,"href":"https:\/\/restaurantfeudoux.fr\/index.php\/wp-json\/wp\/v2\/users\/1"}],"replies":[{"embeddable":true,"href":"https:\/\/restaurantfeudoux.fr\/index.php\/wp-json\/wp\/v2\/comments?post=45"}],"version-history":[{"count":26,"href":"https:\/\/restaurantfeudoux.fr\/index.php\/wp-json\/wp\/v2\/pages\/45\/revisions"}],"predecessor-version":[{"id":271,"href":"https:\/\/restaurantfeudoux.fr\/index.php\/wp-json\/wp\/v2\/pages\/45\/revisions\/271"}],"wp:attachment":[{"href":"https:\/\/restaurantfeudoux.fr\/index.php\/wp-json\/wp\/v2\/media?parent=45"}],"curies":[{"name":"wp","href":"https:\/\/api.w.org\/{rel}","templated":true}]}}